{"id":1223,"date":"2019-09-17T08:42:10","date_gmt":"2019-09-17T06:42:10","guid":{"rendered":"https:\/\/pba.pl\/?page_id=1223"},"modified":"2021-10-01T19:47:10","modified_gmt":"2021-10-01T18:47:10","slug":"erholen-und-verdienen","status":"publish","type":"page","link":"https:\/\/pba.pl\/de\/erholen-und-verdienen\/","title":{"rendered":"Erholen und verdienen"},"content":{"rendered":"<section class=\"l-section wpb_row height_auto width_full\" id=\"start-columns\"><div class=\"l-section-h i-cf\"><div class=\"g-cols vc_row via_flex valign_middle type_boxes stacking_default\"><div class=\"vc_col-sm-6 vc_col-lg-offset-0 vc_col-lg-6 vc_col-md-offset-0 vc_col-md-6 vc_col-sm-offset-0 vc_col-xs-12 wpb_column vc_column_container text-box-white us_animate_fade\" style=\"animation-delay:0.1s\"><div class=\"vc_column-inner\"><div class=\"wpb_wrapper\"><div class=\"w-iconbox us_custom_bcf7e3f8 iconpos_left style_default color_primary align_left no_text no_title icontype_img\"><div class=\"w-iconbox-icon\" style=\"font-size:64px;\"><img loading=\"lazy\" decoding=\"async\" width=\"128\" height=\"128\" src=\"https:\/\/pba.pl\/wp-content\/uploads\/icon-thin-bar-chart-b.png\" class=\"attachment-full size-full\" alt=\"\" \/><\/div><div class=\"w-iconbox-meta\"><\/div><\/div><div class=\"w-image us_custom_bcf7e3f8 align_none\"><div class=\"w-image-h\"><img decoding=\"async\" width=\"126\" height=\"8\" src=\"https:\/\/pba.pl\/wp-content\/uploads\/separator_126.png\" class=\"attachment-full size-full\" alt=\"separator\" loading=\"lazy\" srcset=\"https:\/\/pba.pl\/wp-content\/uploads\/separator_126.png 126w, https:\/\/pba.pl\/wp-content\/uploads\/separator_126-20x1.png 20w\" sizes=\"auto, (max-width: 126px) 100vw, 126px\" \/><\/div><\/div><div class=\"wpb_text_column\"><div class=\"wpb_wrapper\"><p>Die Pobierowo Baltic Apartments sind mehr als nur eine perfekte Urlaubslocation. Die Anlage ist auch eine Investition mit fester Einnahmequelle und eine tolle Kapitalanlage. Sie k\u00f6nnen Ihr Apartment gelegentlich selbst nutzen und es den Rest des Jahres \u00fcber vermieten. Nat\u00fcrlich spricht auch nichts dagegen, die Wohnung ausschlie\u00dflich an G\u00e4ste zu vermieten.<\/p>\n<p>Laut eines Berichts des polnischen Statistikamts GUS ist Westpommern aktuell die beliebteste Urlaubsregion in Polen \u2013 und die Beliebtheit nimmt von Jahr zu Jahr weiter zu. Im Jahr 2018 wurden in der Region mehr als 15 Mio. \u00dcbernachtungen gez\u00e4hlt \u2013 \u00fcber eine Million mehr als 2017 und zwei Millionen mehr als 2016. So \u00fcbertrifft Westpommern Kleinpolen um 1,23 Mio. \u00dcbernachtungen, w\u00e4hrend alle \u00fcbrigen Regionen unter 10 Mio. \u00dcbernachtungen zu verzeichnen hatten. In die Gemeinde Rewal, zu der auch Pobierowo geh\u00f6rt, kamen in den beiden Urlaubsmonaten 2018 fast 700 000 Touristen. Dieser Trend wird von zahlreichen Investitionen in der Region noch verst\u00e4rkt. So entstehen neue Radwege, Aussichtst\u00fcrme und andere Infrastrukturelemente, die die einzigartigen Vorz\u00fcge der Natur erg\u00e4nzen.<\/p>\n<\/div><\/div><\/div><\/div><\/div><div class=\"vc_col-sm-6 wpb_column vc_column_container min-height-column has_bg_color us_animate_afr\" style=\"animation-delay:0.4s\"><div class=\"vc_column-inner us_custom_e4afde04\"><div class=\"wpb_wrapper\"><\/div><\/div><\/div><\/div><\/div><\/section><section class=\"l-section wpb_row height_auto width_full\"><div class=\"l-section-h i-cf\"><div class=\"g-cols vc_row via_flex valign_middle type_boxes stacking_default\"><div class=\"vc_col-sm-6 wpb_column vc_column_container min-height-column has_bg_color us_animate_afl\" style=\"animation-delay:0.1s\"><div class=\"vc_column-inner us_custom_351b12c3\"><div class=\"wpb_wrapper\"><\/div><\/div><\/div><div class=\"vc_col-sm-6 vc_col-lg-offset-0 vc_col-lg-6 vc_col-md-offset-0 vc_col-md-6 vc_col-sm-offset-0 vc_col-xs-12 wpb_column vc_column_container text-box-white us_animate_fade\" style=\"animation-delay:0.4s\"><div class=\"vc_column-inner\"><div class=\"wpb_wrapper\"><div class=\"wpb_text_column\"><div class=\"wpb_wrapper\"><p>Experten zufolge ist eine Investition in ein Apartment an der polnischen Ostseek\u00fcste aktuelle einer der besten Kapitalanlagen mit einer erwarteten Rendite von 7-8%, d.h. deutlich mehr, als Festgeldanlagen oder Anleihen bieten. Polnische Touristen, die aktuell \u00fcber zus\u00e4tzliche Einnahmen verf\u00fcgen, ziehen auch weiterhin h\u00e4ufig die heimische K\u00fcste exotischen Urlaubszielen vor. Westpommern ist au\u00dferdem ein beliebtes Ziel f\u00fcr ausl\u00e4ndische G\u00e4ste, u.a. aus Deutschland und Skandinavien. In Pobierowo selbst entsteht aktuell ein gro\u00dfes Hotel der Go\u0142\u0119biewski-Kette mit zus\u00e4tzlichen Attraktionen, wie einem Poolkomplex, zwei Kinos\u00e4len, einer Schlittschuhbahn und einem Spielzentrum f\u00fcr Kinder. In K\u00fcrze ist auch der Bau eines Hilton-Hotels geplant, was die Attraktivit\u00e4t des Urlaubsorts zus\u00e4tzlich steigert.<\/p>\n<p>Zwecks der Maximierung Ihrer Einnahmen wurden die Apartments so geplant, dass in zwei separaten Zimmern insgesamt vier Personen komfortabel \u00fcbernachten k\u00f6nnen. Somit eignen sich die Wohnungen ideal f\u00fcr Familienurlaube. F\u00fcr Familien ist die Anmietung einer Wohnung im Urlaub meist eine hervorragende Alternative zu einem Hotel \u2013 sowohl aus Preisgr\u00fcnden, als auch mit Blick auf den Komfort. Die attraktive Lage und der Komfort der Pobierowo Baltic Apartments machen die Wohnungen ganzj\u00e4hrig zu einem Anziehungspunkt f\u00fcr G\u00e4ste.<\/p>\n<\/div><\/div><\/div><\/div><\/div><\/div><\/div><\/section>\n","protected":false},"excerpt":{"rendered":"Die Pobierowo Baltic Apartments sind mehr als nur eine perfekte Urlaubslocation. Die Anlage ist auch eine Investition mit fester Einnahmequelle und eine tolle Kapitalanlage. Sie k\u00f6nnen Ihr Apartment gelegentlich selbst nutzen und es den Rest des Jahres \u00fcber vermieten. Nat\u00fcrlich spricht auch nichts dagegen, die Wohnung ausschlie\u00dflich an G\u00e4ste zu vermieten. Laut eines Berichts des...","protected":false},"author":1,"featured_media":0,"parent":0,"menu_order":50,"comment_status":"closed","ping_status":"closed","template":"","meta":{"inline_featured_image":false,"footnotes":""},"class_list":["post-1223","page","type-page","status-publish","hentry"],"yoast_head":"<!-- This site is optimized with the Yoast SEO plugin v26.1.1 - https:\/\/yoast.com\/wordpress\/plugins\/seo\/ -->\n<title>Erholen und verdienen - Pobierowo Baltic Apartments<\/title>\n<meta name=\"robots\" content=\"index, follow, max-snippet:-1, max-image-preview:large, max-video-preview:-1\" \/>\n<link rel=\"canonical\" href=\"https:\/\/pba.pl\/odpoczywaj-i-zarabiaj\/\" \/>\n<meta property=\"og:locale\" content=\"de_DE\" \/>\n<meta property=\"og:type\" content=\"article\" \/>\n<meta property=\"og:title\" content=\"Erholen und verdienen - Pobierowo Baltic Apartments\" \/>\n<meta property=\"og:url\" content=\"https:\/\/pba.pl\/odpoczywaj-i-zarabiaj\/\" \/>\n<meta property=\"og:site_name\" content=\"Pobierowo Baltic Apartments\" \/>\n<meta property=\"article:modified_time\" content=\"2021-10-01T18:47:10+00:00\" \/>\n<meta name=\"twitter:card\" content=\"summary_large_image\" \/>\n<meta name=\"twitter:label1\" content=\"Gesch\u00e4tzte Lesezeit\" \/>\n\t<meta name=\"twitter:data1\" content=\"3\u00a0Minuten\" \/>\n<script type=\"application\/ld+json\" class=\"yoast-schema-graph\">{\"@context\":\"https:\/\/schema.org\",\"@graph\":[{\"@type\":\"WebPage\",\"@id\":\"https:\/\/pba.pl\/odpoczywaj-i-zarabiaj\/\",\"url\":\"https:\/\/pba.pl\/odpoczywaj-i-zarabiaj\/\",\"name\":\"Erholen und verdienen - Pobierowo Baltic Apartments\",\"isPartOf\":{\"@id\":\"https:\/\/pba.pl\/#website\"},\"datePublished\":\"2019-09-17T06:42:10+00:00\",\"dateModified\":\"2021-10-01T18:47:10+00:00\",\"breadcrumb\":{\"@id\":\"https:\/\/pba.pl\/odpoczywaj-i-zarabiaj\/#breadcrumb\"},\"inLanguage\":\"de\",\"potentialAction\":[{\"@type\":\"ReadAction\",\"target\":[\"https:\/\/pba.pl\/odpoczywaj-i-zarabiaj\/\"]}]},{\"@type\":\"BreadcrumbList\",\"@id\":\"https:\/\/pba.pl\/odpoczywaj-i-zarabiaj\/#breadcrumb\",\"itemListElement\":[{\"@type\":\"ListItem\",\"position\":1,\"name\":\"Strona g\u0142\u00f3wna\",\"item\":\"https:\/\/pba.pl\/de\/\"},{\"@type\":\"ListItem\",\"position\":2,\"name\":\"Erholen und verdienen\"}]},{\"@type\":\"WebSite\",\"@id\":\"https:\/\/pba.pl\/#website\",\"url\":\"https:\/\/pba.pl\/\",\"name\":\"Pobierowo Baltic Apartments\",\"description\":\"Kapitalne miejsce nad morzem\",\"publisher\":{\"@id\":\"https:\/\/pba.pl\/#organization\"},\"potentialAction\":[{\"@type\":\"SearchAction\",\"target\":{\"@type\":\"EntryPoint\",\"urlTemplate\":\"https:\/\/pba.pl\/?s={search_term_string}\"},\"query-input\":{\"@type\":\"PropertyValueSpecification\",\"valueRequired\":true,\"valueName\":\"search_term_string\"}}],\"inLanguage\":\"de\"},{\"@type\":\"Organization\",\"@id\":\"https:\/\/pba.pl\/#organization\",\"name\":\"Pobierowo Baltic Apartments\",\"url\":\"https:\/\/pba.pl\/\",\"logo\":{\"@type\":\"ImageObject\",\"inLanguage\":\"de\",\"@id\":\"https:\/\/pba.pl\/#\/schema\/logo\/image\/\",\"url\":\"https:\/\/pba.pl\/wp-content\/uploads\/pba_logo.svg\",\"contentUrl\":\"https:\/\/pba.pl\/wp-content\/uploads\/pba_logo.svg\",\"caption\":\"Pobierowo Baltic Apartments\"},\"image\":{\"@id\":\"https:\/\/pba.pl\/#\/schema\/logo\/image\/\"}}]}<\/script>\n<!-- \/ Yoast SEO plugin. -->","yoast_head_json":{"title":"Erholen und verdienen - Pobierowo Baltic Apartments","robots":{"index":"index","follow":"follow","max-snippet":"max-snippet:-1","max-image-preview":"max-image-preview:large","max-video-preview":"max-video-preview:-1"},"canonical":"https:\/\/pba.pl\/odpoczywaj-i-zarabiaj\/","og_locale":"de_DE","og_type":"article","og_title":"Erholen und verdienen - Pobierowo Baltic Apartments","og_url":"https:\/\/pba.pl\/odpoczywaj-i-zarabiaj\/","og_site_name":"Pobierowo Baltic Apartments","article_modified_time":"2021-10-01T18:47:10+00:00","twitter_card":"summary_large_image","twitter_misc":{"Gesch\u00e4tzte Lesezeit":"3\u00a0Minuten"},"schema":{"@context":"https:\/\/schema.org","@graph":[{"@type":"WebPage","@id":"https:\/\/pba.pl\/odpoczywaj-i-zarabiaj\/","url":"https:\/\/pba.pl\/odpoczywaj-i-zarabiaj\/","name":"Erholen und verdienen - Pobierowo Baltic Apartments","isPartOf":{"@id":"https:\/\/pba.pl\/#website"},"datePublished":"2019-09-17T06:42:10+00:00","dateModified":"2021-10-01T18:47:10+00:00","breadcrumb":{"@id":"https:\/\/pba.pl\/odpoczywaj-i-zarabiaj\/#breadcrumb"},"inLanguage":"de","potentialAction":[{"@type":"ReadAction","target":["https:\/\/pba.pl\/odpoczywaj-i-zarabiaj\/"]}]},{"@type":"BreadcrumbList","@id":"https:\/\/pba.pl\/odpoczywaj-i-zarabiaj\/#breadcrumb","itemListElement":[{"@type":"ListItem","position":1,"name":"Strona g\u0142\u00f3wna","item":"https:\/\/pba.pl\/de\/"},{"@type":"ListItem","position":2,"name":"Erholen und verdienen"}]},{"@type":"WebSite","@id":"https:\/\/pba.pl\/#website","url":"https:\/\/pba.pl\/","name":"Pobierowo Baltic Apartments","description":"Kapitalne miejsce nad morzem","publisher":{"@id":"https:\/\/pba.pl\/#organization"},"potentialAction":[{"@type":"SearchAction","target":{"@type":"EntryPoint","urlTemplate":"https:\/\/pba.pl\/?s={search_term_string}"},"query-input":{"@type":"PropertyValueSpecification","valueRequired":true,"valueName":"search_term_string"}}],"inLanguage":"de"},{"@type":"Organization","@id":"https:\/\/pba.pl\/#organization","name":"Pobierowo Baltic Apartments","url":"https:\/\/pba.pl\/","logo":{"@type":"ImageObject","inLanguage":"de","@id":"https:\/\/pba.pl\/#\/schema\/logo\/image\/","url":"https:\/\/pba.pl\/wp-content\/uploads\/pba_logo.svg","contentUrl":"https:\/\/pba.pl\/wp-content\/uploads\/pba_logo.svg","caption":"Pobierowo Baltic Apartments"},"image":{"@id":"https:\/\/pba.pl\/#\/schema\/logo\/image\/"}}]}},"_links":{"self":[{"href":"https:\/\/pba.pl\/de\/wp-json\/wp\/v2\/pages\/1223","targetHints":{"allow":["GET"]}}],"collection":[{"href":"https:\/\/pba.pl\/de\/wp-json\/wp\/v2\/pages"}],"about":[{"href":"https:\/\/pba.pl\/de\/wp-json\/wp\/v2\/types\/page"}],"author":[{"embeddable":true,"href":"https:\/\/pba.pl\/de\/wp-json\/wp\/v2\/users\/1"}],"replies":[{"embeddable":true,"href":"https:\/\/pba.pl\/de\/wp-json\/wp\/v2\/comments?post=1223"}],"version-history":[{"count":0,"href":"https:\/\/pba.pl\/de\/wp-json\/wp\/v2\/pages\/1223\/revisions"}],"wp:attachment":[{"href":"https:\/\/pba.pl\/de\/wp-json\/wp\/v2\/media?parent=1223"}],"curies":[{"name":"wp","href":"https:\/\/api.w.org\/{rel}","templated":true}]}}